{"id":249,"date":"2015-02-16T20:10:54","date_gmt":"2015-02-16T19:10:54","guid":{"rendered":"http:\/\/hans-gerrit.de\/?page_id=249"},"modified":"2018-05-24T18:42:50","modified_gmt":"2018-05-24T16:42:50","slug":"impressum-disclaimer","status":"publish","type":"page","link":"https:\/\/gartenfriedhof.de\/wordpress\/impressum-disclaimer\/","title":{"rendered":"Impressum &#8211; Disclaimer &#8211; Datenschutz"},"content":{"rendered":"<p style=\"text-align: justify;\"><span style=\"font-size: 10pt;\"><strong>Angaben gem\u00e4\u00df \u00a7 5 TMG:<\/strong><\/span><br \/>\n<span style=\"font-size: 10pt;\"> Dr. Hans-Gerrit Vogt<\/span><br \/>\n<span style=\"font-size: 10pt;\"> Lange-Hop-Str. 58d<\/span><br \/>\n<span style=\"font-size: 10pt;\"> 30559 Hannover<\/span><\/p>\n<p><span style=\"font-size: 10pt;\"><strong>Kontakt:<\/strong><\/span><br \/>\n<span style=\"font-size: 10pt;\"> E-Mail:<\/span><br \/>\n<span style=\"font-size: 10pt;\"> mail@hans-gerrit-vogt.de<\/span><\/p>\n<p><span style=\"font-size: 10pt;\"><strong>Quellenangaben f\u00fcr die verwendeten Bilder und Grafiken:<\/strong><\/span><br \/>\n<span style=\"font-size: 10pt;\"> Badische Heimat 2003<\/span><br \/>\n<span style=\"font-size: 10pt;\"> L. Damm<\/span><br \/>\n<span style=\"font-size: 10pt;\"> Histor. Museum Hannover<\/span><br \/>\n<span style=\"font-size: 10pt;\"> Kalies.de<\/span><br \/>\n<span style=\"font-size: 10pt;\"> Rolf Krekeler.com<\/span><br \/>\n<span style=\"font-size: 10pt;\"> Landeshauptstadt Hannover<\/span><br \/>\n<span style=\"font-size: 10pt;\"> Lotte-Kestner-Realschule<\/span><br \/>\n<span style=\"font-size: 10pt;\"> B. Paulson<\/span><br \/>\n<span style=\"font-size: 10pt;\"> Renaissance Gartenfriedhof e.V.<\/span><br \/>\n<span style=\"font-size: 10pt;\"> G\u00fcnter Strack<\/span><br \/>\n<span style=\"font-size: 10pt;\"> H.-G. Vogt<\/span><br \/>\n<span style=\"font-size: 10pt;\"> Univ. Leipzig<\/span><br \/>\n<span style=\"font-size: 10pt;\"> Wikipedia<\/span><\/p>\n<p><span style=\"font-size: 10pt;\"><strong>Quelle: http:\/\/www.e-recht24.de<\/strong><\/span><\/p>\n<p style=\"text-align: justify;\"><span style=\"font-size: 10pt;\"><strong>Haftungsausschluss (Disclaimer)<br \/>\nHaftung f\u00fcr Inhalte<\/strong><\/span><br \/>\n<span style=\"font-size: 10pt;\">Als Diensteanbieterbin ich gem\u00e4\u00df \u00a7 7 Abs.1 TMG f\u00fcr eigene Inhalte auf diesen Seiten nach den allgemeinen Gesetzen verantwortlich. Nach \u00a7\u00a7 8 bis 10 TMG bin ich als Diensteanbieter jedoch nicht verpflichtet, \u00fcbermittelte oder gespeicherte fremde Informationen zu \u00fcberwachen oder nach Umst\u00e4nden zu forschen, die auf eine rechtswidrige T\u00e4tigkeit hinweisen. Verpflichtungen zur Entfernung oder Sperrung der Nutzung von Informationen nach den allgemeinen Gesetzen bleiben hiervon unber\u00fchrt. Eine diesbez\u00fcgliche Haftung ist jedoch erst ab dem Zeitpunkt der Kenntnis einer konkreten Rechtsverletzung m\u00f6glich. Bei Bekanntwerden von entsprechenden Rechtsverletzungen werde ich diese Inhalte umgehend entfernen.<\/span><\/p>\n<p style=\"text-align: justify;\"><span style=\"font-size: 10pt;\"><strong>Haftung f\u00fcr Links<\/strong><\/span><br \/>\n<span style=\"font-size: 10pt;\">Mein Angebot enth\u00e4lt Links zu externen Webseiten Dritter, auf deren Inhalte ich keinen Einfluss habe. Deshalb kann ich f\u00fcr diese fremden Inhalte auch keine Gew\u00e4hr \u00fcbernehmen. F\u00fcr die Inhalte der verlinkten Seiten ist stets der jeweilige Anbieter oder Betreiber der Seiten verantwortlich. Die verlinkten Seiten wurden zum Zeitpunkt der Verlinkung auf m\u00f6gliche Rechtsverst\u00f6\u00dfe \u00fcberpr\u00fcft. Rechtswidrige Inhalte waren zum Zeitpunkt der Verlinkung nicht erkennbar. Eine permanente inhaltliche Kontrolle der verlinkten Seiten ist jedoch ohne konkrete Anhaltspunkte einer Rechtsverletzung nicht zumutbar. Bei Bekanntwerden von Rechtsverletzungen werde ich derartige Links umgehend entfernen.<\/span><\/p>\n<p style=\"text-align: justify;\"><span style=\"font-size: 10pt;\"><strong>Urheberrecht<\/strong><\/span><br \/>\n<span style=\"font-size: 10pt;\"> Die durch die Seitenbetreiber erstellten Inhalte und Werke auf diesen Seiten unterliegen dem deutschen Urheberrecht. Die Vervielf\u00e4ltigung, Bearbeitung, Verbreitung und jede Art der Verwertung au\u00dferhalb der Grenzen des Urheberrechtes bed\u00fcrfen der schriftlichen Zustimmung des jeweiligen Autors bzw. Erstellers. Downloads und Kopien dieser Seite sind nur f\u00fcr den privaten, nicht kommerziellen Gebrauch gestattet. Soweit die Inhalte auf dieser Seite nicht vom Betreiber erstellt wurden, werden die Urheberrechte Dritter beachtet. Insbesondere werden Inhalte Dritter als solche gekennzeichnet. Sollten Sie trotzdem auf eine Urheberrechtsverletzung aufmerksam werden, bitte ich um einen entsprechenden Hinweis. Bei Bekanntwerden von Rechtsverletzungen werde ich derartige Inhalte umgehend entfernen.<\/span><\/p>\n<p style=\"text-align: left;\"><span style=\"font-size: 10pt;\"><strong>Datenschutzerkl\u00e4rung gem\u00e4\u00df <\/strong><\/span><span style=\"font-size: 10pt;\"><strong>Datenschutzgrundverordnung (EU-DSGV) und <\/strong><\/span><span style=\"font-size: 10pt;\"><strong>EU-Cookie-Richtlinie (RL 2009\/136\/EG):<br \/>\n<\/strong><\/span><\/p>\n<p style=\"text-align: left;\"><span style=\"font-size: 10pt;\">Die Nutzung meiner Webseite ist in der Regel ohne Angabe personenbezogener Daten m\u00f6glich. Soweit auf meinen Seiten personenbezogene Daten (beispielsweise Name, Anschrift oder eMail-Adressen) erhoben werden, erfolgt dies stets auf freiwilliger Basis. Diese Daten werden ohne Ihre ausdr\u00fcckliche Zustimmung nicht an Dritte weitergegeben. <\/span><\/p>\n<p style=\"text-align: justify;\"><span style=\"font-size: 10pt;\">Diese Internetseite benutzt sogenannte &#8220;cookies&#8221;. Dabei handelt es sich um kleine Dateien, die auf dem Rechner des Nutzers gespeichert werden und Angaben zum Nutzer w\u00e4hrend oder nach dem Besuch einer Internetseite enthalten. So wird der Login-Status gespeichert, der den Zugang zum Onlineangebot beim n\u00e4chsten Besuch der Internetseite vereinfacht. Sofern die Speicherung von cookies auf dem Rechner des Nutzers unerw\u00fcnscht ist, sollten in den <em>Einstellungen<\/em> des Browsers <\/span><span style=\"font-size: 10pt;\">die entsprechenden Optionen <\/span><span style=\"font-size: 10pt;\">gew\u00e4hlt werden. Bereits gespeicherte cookies k\u00f6nnen dort auch gel\u00f6scht werden.<\/span><span style=\"font-size: 10pt;\"><br \/>\n<\/span><\/p>\n<p style=\"text-align: justify;\"><span style=\"font-size: 10pt;\">Ich weise darauf hin, dass die Daten\u00fcbertragung im Internet (z.B. bei der Kommunikation per E-Mail) Sicherheitsl\u00fccken aufweisen kann. Ein l\u00fcckenloser Schutz der Daten vor dem Zugriff durch Dritte ist nicht m\u00f6glich. <\/span><span style=\"font-size: 10pt;\">Der Nutzung von im Rahmen der Impressumspflicht ver\u00f6ffentlichten Kontaktdaten durch Dritte zur \u00dcbersendung von nicht ausdr\u00fccklich angeforderter Werbung und Informationsmaterialien wird hiermit ausdr\u00fccklich widersprochen. Der Betreiber der Seiten beh\u00e4lt sich ausdr\u00fccklich rechtliche Schritte im Falle der unverlangten Zusendung von Werbeinformationen, etwa durch Spam-Mails, vor.<\/span><\/p>\n<p style=\"text-align: justify;\"><span style=\"font-size: 10pt;\"><strong>Auskunft, L\u00f6schung, Sperrung<\/strong><\/span><br \/>\n<span style=\"font-size: 10pt;\">Sie haben jederzeit das Recht auf unentgeltliche Auskunft \u00fcber Ihre gespeicherten personenbezogenen Daten, deren Herkunft und Empf\u00e4nger und den Zweck der Datenverarbeitung sowie ein Recht auf Berichtigung, Sperrung oder L\u00f6schung dieser Daten. Hierzu sowie zu weiteren Fragen zum Thema personenbezogene Daten k\u00f6nnen Sie sich jederzeit \u00fcber die im Impressum angegeben Adresse des Webseitenbetreibers an mich wenden.<\/span><\/p>\n","protected":false},"excerpt":{"rendered":"<p>Angaben gem\u00e4\u00df \u00a7 5 TMG: Dr. Hans-Gerrit Vogt Lange-Hop-Str. 58d 30559 Hannover Kontakt: E-Mail: mail@hans-gerrit-vogt.de Quellenangaben f\u00fcr die verwendeten Bilder und Grafiken: Badische Heimat 2003 L. Damm Histor. Museum Hannover Kalies.de Rolf Krekeler.com Landeshauptstadt Hannover Lotte-Kestner-Realschule B. Paulson Renaissance Gartenfriedhof &hellip; <a href=\"https:\/\/gartenfriedhof.de\/wordpress\/impressum-disclaimer\/\">Weiterlesen <span class=\"meta-nav\">&rarr;<\/span><\/a><\/p>\n","protected":false},"author":1,"featured_media":0,"parent":0,"menu_order":0,"comment_status":"closed","ping_status":"closed","template":"","meta":{"footnotes":"","_links_to":"","_links_to_target":""},"class_list":["post-249","page","type-page","status-publish","hentry"],"yoast_head":"<!-- This site is optimized with the Yoast SEO plugin v27.2 - https:\/\/yoast.com\/product\/yoast-seo-wordpress\/ -->\n<title>Disclaimer<\/title>\n<meta name=\"robots\" content=\"index, follow, max-snippet:-1, max-image-preview:large, max-video-preview:-1\" \/>\n<link rel=\"canonical\" href=\"https:\/\/gartenfriedhof.de\/wordpress\/impressum-disclaimer\/\" \/>\n<meta property=\"og:locale\" content=\"de_DE\" \/>\n<meta property=\"og:type\" content=\"article\" \/>\n<meta property=\"og:title\" content=\"Disclaimer\" \/>\n<meta property=\"og:description\" content=\"Angaben gem\u00e4\u00df \u00a7 5 TMG: Dr. Hans-Gerrit Vogt Lange-Hop-Str. 58d 30559 Hannover Kontakt: E-Mail: mail@hans-gerrit-vogt.de Quellenangaben f\u00fcr die verwendeten Bilder und Grafiken: Badische Heimat 2003 L. Damm Histor. Museum Hannover Kalies.de Rolf Krekeler.com Landeshauptstadt Hannover Lotte-Kestner-Realschule B. Paulson Renaissance Gartenfriedhof &hellip; Weiterlesen &rarr;\" \/>\n<meta property=\"og:url\" content=\"https:\/\/gartenfriedhof.de\/wordpress\/impressum-disclaimer\/\" \/>\n<meta property=\"og:site_name\" content=\"Gartenfriedhof Hannover\" \/>\n<meta property=\"article:modified_time\" content=\"2018-05-24T16:42:50+00:00\" \/>\n<meta name=\"twitter:card\" content=\"summary_large_image\" \/>\n<meta name=\"twitter:label1\" content=\"Gesch\u00e4tzte Lesezeit\" \/>\n\t<meta name=\"twitter:data1\" content=\"3\u00a0Minuten\" \/>\n<script type=\"application\/ld+json\" class=\"yoast-schema-graph\">{\"@context\":\"https:\/\/schema.org\",\"@graph\":[{\"@type\":\"WebPage\",\"@id\":\"https:\/\/gartenfriedhof.de\/wordpress\/impressum-disclaimer\/\",\"url\":\"https:\/\/gartenfriedhof.de\/wordpress\/impressum-disclaimer\/\",\"name\":\"Disclaimer\",\"isPartOf\":{\"@id\":\"https:\/\/gartenfriedhof.de\/wordpress\/#website\"},\"datePublished\":\"2015-02-16T19:10:54+00:00\",\"dateModified\":\"2018-05-24T16:42:50+00:00\",\"breadcrumb\":{\"@id\":\"https:\/\/gartenfriedhof.de\/wordpress\/impressum-disclaimer\/#breadcrumb\"},\"inLanguage\":\"de\",\"potentialAction\":[{\"@type\":\"ReadAction\",\"target\":[\"https:\/\/gartenfriedhof.de\/wordpress\/impressum-disclaimer\/\"]}]},{\"@type\":\"BreadcrumbList\",\"@id\":\"https:\/\/gartenfriedhof.de\/wordpress\/impressum-disclaimer\/#breadcrumb\",\"itemListElement\":[{\"@type\":\"ListItem\",\"position\":1,\"name\":\"Startseite\",\"item\":\"https:\/\/gartenfriedhof.de\/wordpress\/\"},{\"@type\":\"ListItem\",\"position\":2,\"name\":\"Impressum &#8211; Disclaimer &#8211; Datenschutz\"}]},{\"@type\":\"WebSite\",\"@id\":\"https:\/\/gartenfriedhof.de\/wordpress\/#website\",\"url\":\"https:\/\/gartenfriedhof.de\/wordpress\/\",\"name\":\"Gartenfriedhof Hannover\",\"description\":\"\",\"potentialAction\":[{\"@type\":\"SearchAction\",\"target\":{\"@type\":\"EntryPoint\",\"urlTemplate\":\"https:\/\/gartenfriedhof.de\/wordpress\/?s={search_term_string}\"},\"query-input\":{\"@type\":\"PropertyValueSpecification\",\"valueRequired\":true,\"valueName\":\"search_term_string\"}}],\"inLanguage\":\"de\"}]}<\/script>\n<!-- \/ Yoast SEO plugin. -->","yoast_head_json":{"title":"Disclaimer","robots":{"index":"index","follow":"follow","max-snippet":"max-snippet:-1","max-image-preview":"max-image-preview:large","max-video-preview":"max-video-preview:-1"},"canonical":"https:\/\/gartenfriedhof.de\/wordpress\/impressum-disclaimer\/","og_locale":"de_DE","og_type":"article","og_title":"Disclaimer","og_description":"Angaben gem\u00e4\u00df \u00a7 5 TMG: Dr. Hans-Gerrit Vogt Lange-Hop-Str. 58d 30559 Hannover Kontakt: E-Mail: mail@hans-gerrit-vogt.de Quellenangaben f\u00fcr die verwendeten Bilder und Grafiken: Badische Heimat 2003 L. Damm Histor. Museum Hannover Kalies.de Rolf Krekeler.com Landeshauptstadt Hannover Lotte-Kestner-Realschule B. Paulson Renaissance Gartenfriedhof &hellip; Weiterlesen &rarr;","og_url":"https:\/\/gartenfriedhof.de\/wordpress\/impressum-disclaimer\/","og_site_name":"Gartenfriedhof Hannover","article_modified_time":"2018-05-24T16:42:50+00:00","twitter_card":"summary_large_image","twitter_misc":{"Gesch\u00e4tzte Lesezeit":"3\u00a0Minuten"},"schema":{"@context":"https:\/\/schema.org","@graph":[{"@type":"WebPage","@id":"https:\/\/gartenfriedhof.de\/wordpress\/impressum-disclaimer\/","url":"https:\/\/gartenfriedhof.de\/wordpress\/impressum-disclaimer\/","name":"Disclaimer","isPartOf":{"@id":"https:\/\/gartenfriedhof.de\/wordpress\/#website"},"datePublished":"2015-02-16T19:10:54+00:00","dateModified":"2018-05-24T16:42:50+00:00","breadcrumb":{"@id":"https:\/\/gartenfriedhof.de\/wordpress\/impressum-disclaimer\/#breadcrumb"},"inLanguage":"de","potentialAction":[{"@type":"ReadAction","target":["https:\/\/gartenfriedhof.de\/wordpress\/impressum-disclaimer\/"]}]},{"@type":"BreadcrumbList","@id":"https:\/\/gartenfriedhof.de\/wordpress\/impressum-disclaimer\/#breadcrumb","itemListElement":[{"@type":"ListItem","position":1,"name":"Startseite","item":"https:\/\/gartenfriedhof.de\/wordpress\/"},{"@type":"ListItem","position":2,"name":"Impressum &#8211; Disclaimer &#8211; Datenschutz"}]},{"@type":"WebSite","@id":"https:\/\/gartenfriedhof.de\/wordpress\/#website","url":"https:\/\/gartenfriedhof.de\/wordpress\/","name":"Gartenfriedhof Hannover","description":"","potentialAction":[{"@type":"SearchAction","target":{"@type":"EntryPoint","urlTemplate":"https:\/\/gartenfriedhof.de\/wordpress\/?s={search_term_string}"},"query-input":{"@type":"PropertyValueSpecification","valueRequired":true,"valueName":"search_term_string"}}],"inLanguage":"de"}]}},"_links":{"self":[{"href":"https:\/\/gartenfriedhof.de\/wordpress\/wp-json\/wp\/v2\/pages\/249","targetHints":{"allow":["GET"]}}],"collection":[{"href":"https:\/\/gartenfriedhof.de\/wordpress\/wp-json\/wp\/v2\/pages"}],"about":[{"href":"https:\/\/gartenfriedhof.de\/wordpress\/wp-json\/wp\/v2\/types\/page"}],"author":[{"embeddable":true,"href":"https:\/\/gartenfriedhof.de\/wordpress\/wp-json\/wp\/v2\/users\/1"}],"replies":[{"embeddable":true,"href":"https:\/\/gartenfriedhof.de\/wordpress\/wp-json\/wp\/v2\/comments?post=249"}],"version-history":[{"count":15,"href":"https:\/\/gartenfriedhof.de\/wordpress\/wp-json\/wp\/v2\/pages\/249\/revisions"}],"predecessor-version":[{"id":968,"href":"https:\/\/gartenfriedhof.de\/wordpress\/wp-json\/wp\/v2\/pages\/249\/revisions\/968"}],"wp:attachment":[{"href":"https:\/\/gartenfriedhof.de\/wordpress\/wp-json\/wp\/v2\/media?parent=249"}],"curies":[{"name":"wp","href":"https:\/\/api.w.org\/{rel}","templated":true}]}}