{"id":352,"date":"2016-04-22T16:55:25","date_gmt":"2016-04-22T14:55:25","guid":{"rendered":"http:\/\/hans-gerrit.de\/?page_id=352"},"modified":"2021-04-11T17:15:31","modified_gmt":"2021-04-11T15:15:31","slug":"gartenfriedhof-grabmallage","status":"publish","type":"page","link":"https:\/\/gartenfriedhof.de\/wordpress\/gartenfriedhof-grabmallage\/","title":{"rendered":"Lagepl\u00e4ne"},"content":{"rendered":"<p>Der Gartenfriedhof befindet sich im Ortsbereich zwischen Marienstr, Warmb\u00fcchenstr. und Arnswaldtstr.<\/p>\n<ul>\n<li><span style=\"font-size: 14pt; font-family: arial black,sans-serif;\"><a href=\"http:\/\/gartenfriedhof.de\/Gartenfriedhof\/Hannover_1850_2.jpg\">Historischer Lageplan des Gartenfriedhofs &#8211; 1850<\/a><\/span><\/li>\n<\/ul>\n<ul>\n<li><a href=\"http:\/\/gartenfriedhof.de\/Gartenfriedhof\/Lageplan_Hesse.jpg\"><span style=\"font-size: 14pt; font-family: arial black,sans-serif;\">Grabmal-Lageplan nach Hesse &#8211; 1939<\/span><\/a><\/li>\n<\/ul>\n<ul>\n<li><a href=\"http:\/\/gartenfriedhof.de\/Gartenfriedhof\/Lageplan_Richter.pdf\"><span style=\"font-family: Arial Black,Avant Garde; font-size: 14pt;\">Wer liegt wo?<\/span><\/a><\/li>\n<\/ul>\n<p><code>\u00a0<\/code><\/p>\n<p>[wpgmza id=&#8220;1&#8243;]<\/p>\n<p>\u00a0<\/p>\n\n\n<p><\/p>\n","protected":false},"excerpt":{"rendered":"<p>Der Gartenfriedhof befindet sich im Ortsbereich zwischen Marienstr, Warmb\u00fcchenstr. und Arnswaldtstr. Historischer Lageplan des Gartenfriedhofs &#8211; 1850 Grabmal-Lageplan nach Hesse &#8211; 1939 Wer liegt wo? \u00a0 [wpgmza id=&#8220;1&#8243;] \u00a0<\/p>\n","protected":false},"author":1,"featured_media":0,"parent":0,"menu_order":0,"comment_status":"closed","ping_status":"closed","template":"","meta":{"footnotes":""},"class_list":["post-352","page","type-page","status-publish","hentry"],"yoast_head":"<!-- This site is optimized with the Yoast SEO plugin v27.2 - https:\/\/yoast.com\/product\/yoast-seo-wordpress\/ -->\n<title>Lagepl\u00e4ne - Gartenfriedhof Hannover<\/title>\n<meta name=\"description\" content=\"Gartenfriedhof Lageplan, Gartenfriedhof Hannover, Gartenfriedhof, Gartenkirchhof, ber\u00fchmte Grabst\u00e4tten, ber\u00fchmte Grabmale, historische Friedh\u00f6fe, wo sie ruhen,\" \/>\n<meta name=\"robots\" content=\"index, follow, max-snippet:-1, max-image-preview:large, max-video-preview:-1\" \/>\n<link rel=\"canonical\" href=\"https:\/\/gartenfriedhof.de\/wordpress\/gartenfriedhof-grabmallage\/\" \/>\n<meta property=\"og:locale\" content=\"de_DE\" \/>\n<meta property=\"og:type\" content=\"article\" \/>\n<meta property=\"og:title\" content=\"Lagepl\u00e4ne - Gartenfriedhof Hannover\" \/>\n<meta property=\"og:description\" content=\"Gartenfriedhof Lageplan, Gartenfriedhof Hannover, Gartenfriedhof, Gartenkirchhof, ber\u00fchmte Grabst\u00e4tten, ber\u00fchmte Grabmale, historische Friedh\u00f6fe, wo sie ruhen,\" \/>\n<meta property=\"og:url\" content=\"https:\/\/gartenfriedhof.de\/wordpress\/gartenfriedhof-grabmallage\/\" \/>\n<meta property=\"og:site_name\" content=\"Gartenfriedhof Hannover\" \/>\n<meta property=\"article:modified_time\" content=\"2021-04-11T15:15:31+00:00\" \/>\n<meta name=\"twitter:card\" content=\"summary_large_image\" \/>\n<meta name=\"twitter:label1\" content=\"Gesch\u00e4tzte Lesezeit\" \/>\n\t<meta name=\"twitter:data1\" content=\"1\u00a0Minute\" \/>\n<script type=\"application\/ld+json\" class=\"yoast-schema-graph\">{\"@context\":\"https:\/\/schema.org\",\"@graph\":[{\"@type\":\"WebPage\",\"@id\":\"https:\/\/gartenfriedhof.de\/wordpress\/gartenfriedhof-grabmallage\/\",\"url\":\"https:\/\/gartenfriedhof.de\/wordpress\/gartenfriedhof-grabmallage\/\",\"name\":\"Lagepl\u00e4ne - Gartenfriedhof Hannover\",\"isPartOf\":{\"@id\":\"https:\/\/gartenfriedhof.de\/wordpress\/#website\"},\"datePublished\":\"2016-04-22T14:55:25+00:00\",\"dateModified\":\"2021-04-11T15:15:31+00:00\",\"description\":\"Gartenfriedhof Lageplan, Gartenfriedhof Hannover, Gartenfriedhof, Gartenkirchhof, ber\u00fchmte Grabst\u00e4tten, ber\u00fchmte Grabmale, historische Friedh\u00f6fe, wo sie ruhen,\",\"breadcrumb\":{\"@id\":\"https:\/\/gartenfriedhof.de\/wordpress\/gartenfriedhof-grabmallage\/#breadcrumb\"},\"inLanguage\":\"de\",\"potentialAction\":[{\"@type\":\"ReadAction\",\"target\":[\"https:\/\/gartenfriedhof.de\/wordpress\/gartenfriedhof-grabmallage\/\"]}]},{\"@type\":\"BreadcrumbList\",\"@id\":\"https:\/\/gartenfriedhof.de\/wordpress\/gartenfriedhof-grabmallage\/#breadcrumb\",\"itemListElement\":[{\"@type\":\"ListItem\",\"position\":1,\"name\":\"Startseite\",\"item\":\"https:\/\/gartenfriedhof.de\/wordpress\/\"},{\"@type\":\"ListItem\",\"position\":2,\"name\":\"Lagepl\u00e4ne\"}]},{\"@type\":\"WebSite\",\"@id\":\"https:\/\/gartenfriedhof.de\/wordpress\/#website\",\"url\":\"https:\/\/gartenfriedhof.de\/wordpress\/\",\"name\":\"Gartenfriedhof Hannover\",\"description\":\"\",\"potentialAction\":[{\"@type\":\"SearchAction\",\"target\":{\"@type\":\"EntryPoint\",\"urlTemplate\":\"https:\/\/gartenfriedhof.de\/wordpress\/?s={search_term_string}\"},\"query-input\":{\"@type\":\"PropertyValueSpecification\",\"valueRequired\":true,\"valueName\":\"search_term_string\"}}],\"inLanguage\":\"de\"}]}<\/script>\n<!-- \/ Yoast SEO plugin. -->","yoast_head_json":{"title":"Lagepl\u00e4ne - Gartenfriedhof Hannover","description":"Gartenfriedhof Lageplan, Gartenfriedhof Hannover, Gartenfriedhof, Gartenkirchhof, ber\u00fchmte Grabst\u00e4tten, ber\u00fchmte Grabmale, historische Friedh\u00f6fe, wo sie ruhen,","robots":{"index":"index","follow":"follow","max-snippet":"max-snippet:-1","max-image-preview":"max-image-preview:large","max-video-preview":"max-video-preview:-1"},"canonical":"https:\/\/gartenfriedhof.de\/wordpress\/gartenfriedhof-grabmallage\/","og_locale":"de_DE","og_type":"article","og_title":"Lagepl\u00e4ne - Gartenfriedhof Hannover","og_description":"Gartenfriedhof Lageplan, Gartenfriedhof Hannover, Gartenfriedhof, Gartenkirchhof, ber\u00fchmte Grabst\u00e4tten, ber\u00fchmte Grabmale, historische Friedh\u00f6fe, wo sie ruhen,","og_url":"https:\/\/gartenfriedhof.de\/wordpress\/gartenfriedhof-grabmallage\/","og_site_name":"Gartenfriedhof Hannover","article_modified_time":"2021-04-11T15:15:31+00:00","twitter_card":"summary_large_image","twitter_misc":{"Gesch\u00e4tzte Lesezeit":"1\u00a0Minute"},"schema":{"@context":"https:\/\/schema.org","@graph":[{"@type":"WebPage","@id":"https:\/\/gartenfriedhof.de\/wordpress\/gartenfriedhof-grabmallage\/","url":"https:\/\/gartenfriedhof.de\/wordpress\/gartenfriedhof-grabmallage\/","name":"Lagepl\u00e4ne - Gartenfriedhof Hannover","isPartOf":{"@id":"https:\/\/gartenfriedhof.de\/wordpress\/#website"},"datePublished":"2016-04-22T14:55:25+00:00","dateModified":"2021-04-11T15:15:31+00:00","description":"Gartenfriedhof Lageplan, Gartenfriedhof Hannover, Gartenfriedhof, Gartenkirchhof, ber\u00fchmte Grabst\u00e4tten, ber\u00fchmte Grabmale, historische Friedh\u00f6fe, wo sie ruhen,","breadcrumb":{"@id":"https:\/\/gartenfriedhof.de\/wordpress\/gartenfriedhof-grabmallage\/#breadcrumb"},"inLanguage":"de","potentialAction":[{"@type":"ReadAction","target":["https:\/\/gartenfriedhof.de\/wordpress\/gartenfriedhof-grabmallage\/"]}]},{"@type":"BreadcrumbList","@id":"https:\/\/gartenfriedhof.de\/wordpress\/gartenfriedhof-grabmallage\/#breadcrumb","itemListElement":[{"@type":"ListItem","position":1,"name":"Startseite","item":"https:\/\/gartenfriedhof.de\/wordpress\/"},{"@type":"ListItem","position":2,"name":"Lagepl\u00e4ne"}]},{"@type":"WebSite","@id":"https:\/\/gartenfriedhof.de\/wordpress\/#website","url":"https:\/\/gartenfriedhof.de\/wordpress\/","name":"Gartenfriedhof Hannover","description":"","potentialAction":[{"@type":"SearchAction","target":{"@type":"EntryPoint","urlTemplate":"https:\/\/gartenfriedhof.de\/wordpress\/?s={search_term_string}"},"query-input":{"@type":"PropertyValueSpecification","valueRequired":true,"valueName":"search_term_string"}}],"inLanguage":"de"}]}},"_links":{"self":[{"href":"https:\/\/gartenfriedhof.de\/wordpress\/wp-json\/wp\/v2\/pages\/352","targetHints":{"allow":["GET"]}}],"collection":[{"href":"https:\/\/gartenfriedhof.de\/wordpress\/wp-json\/wp\/v2\/pages"}],"about":[{"href":"https:\/\/gartenfriedhof.de\/wordpress\/wp-json\/wp\/v2\/types\/page"}],"author":[{"embeddable":true,"href":"https:\/\/gartenfriedhof.de\/wordpress\/wp-json\/wp\/v2\/users\/1"}],"replies":[{"embeddable":true,"href":"https:\/\/gartenfriedhof.de\/wordpress\/wp-json\/wp\/v2\/comments?post=352"}],"version-history":[{"count":23,"href":"https:\/\/gartenfriedhof.de\/wordpress\/wp-json\/wp\/v2\/pages\/352\/revisions"}],"predecessor-version":[{"id":1215,"href":"https:\/\/gartenfriedhof.de\/wordpress\/wp-json\/wp\/v2\/pages\/352\/revisions\/1215"}],"wp:attachment":[{"href":"https:\/\/gartenfriedhof.de\/wordpress\/wp-json\/wp\/v2\/media?parent=352"}],"curies":[{"name":"wp","href":"https:\/\/api.w.org\/{rel}","templated":true}]}}