{"id":626,"date":"2016-05-03T20:32:39","date_gmt":"2016-05-03T18:32:39","guid":{"rendered":"http:\/\/hans-gerrit.de\/?page_id=626"},"modified":"2021-04-08T21:53:20","modified_gmt":"2021-04-08T19:53:20","slug":"der-gartenfriedhof-hannover","status":"publish","type":"page","link":"https:\/\/gartenfriedhof.de\/wordpress\/","title":{"rendered":"Gartenfriedhof"},"content":{"rendered":"\n<p><\/p>\n\n\n<p>Nachdem 1636 Georg von Calenberg Hannover zur Residenz erhoben worden hatte, erlebte die Stadt in den Folgejahren eine jahrzehntelange Bl\u00fctezeit, die viele Menschen anlockte, da sich gute Arbeits- und Verdienstm\u00f6glichkeiten anboten. Schon bald erwies sich die Stadt jedoch als zu klein f\u00fcr die Bewohner, so dass diese sich zunehmend vor den Stadttoren ansiedelten. Es waren zumeist Kleinbauern, die das dortige Land von B\u00fcrgern der Stadt gepachtet hatten und vor allem vom Verkauf von Obst und Gem\u00fcse lebten. Dazu wurden einfache Behausungen, sogenannte Katen, gebaut und kleine G\u00e4rten angelegt, die zumeist durch Heckeneinfassungen gegeneinander abgegrenzt waren. Die besser ausgestatteten H\u00e4uschen dienten h\u00e4ufig als Sommerwohnungen der verm\u00f6genden B\u00fcrger. Auch vor dem Aegidienthore breiteten sich solche G\u00e4rten und H\u00e4user aus, und es entstand f\u00fcr die Gartenleute Bedarf f\u00fcr Versorgung und Bewirtung. Daraus entwickelte sich sp\u00e4ter eine Vorstadt mit gro\u00dfen Wohnh\u00e4usern, wie etwa das 1849 erbaute Friedhofsg\u00e4rtner-Wohnhaus am Heckenweg (siehe Historische Bilder).<\/p>\n<p>1741 kaufte die Stadt das Grundst\u00fcck vor dem Aegidienthor, auf dem 1726 die Gastwirtschaft \u201eZu den drei Fasanen\u201c abgebrannt war, um dort einen Begr\u00e4bnisplatz einzurichten, \u201eNeuer Kirchhof vor dem Aegidienthore\u201d oder kurz \u201eGartenfriedhof\u201c genannt. Er war zun\u00e4chst nur f\u00fcr die Gartenleute -die Bev\u00f6lkerung der Gartenvorstadt &#8211; gedacht. Sp\u00e4ter wurden dort jedoch zunehmend auch Mitglieder der b\u00fcrgerlichen Gesellschaft und Oberschicht beerdigt. Das spiegelt sich insbesondere in den kunstvoll gestalteten Grabmalen mit diversen Grabsymbolen wider. \u00a0Der Gartenfriedhof entwickelte sich bald zu einem der wichtigsten Friedh\u00f6fe der Stadt, bis er 1864 nach ca. 12.000 Beisetzungen geschlossen wurde.<\/p>\n<p>Da die Gartenleute keiner st\u00e4dtischen Gemeinde angeh\u00f6rten wurde 1746 durch Veranlassung von B\u00fcrgermeister Ch. U. Grupen und auf Befehl von K\u00f6nig Georg II. eine neue Pfarrei f\u00fcr die Bewohner vor dem Aegidienthore eingerichtet und mit dem Bau einer Kirche begonnen. \u00a0Die \u201eNeue Kirche vor Hannover\u201c wurde von Baumeister Johann Paul Heumann errichtet und 1749 eingeweiht. Allerdings setzte sich der Name nicht durch. Stattdessen war der Name \u201eGartenkirche\u201c gebr\u00e4uchlich. Da die Gemeinde im Laufe der Zeit gr\u00f6\u00dfer wurde und die Kirche schlie\u00dflich viel zu klein war, wurde das bauf\u00e4llige Geb\u00e4ude 1886 abgerissen. Nach den Pl\u00e4nen des Architekten Rudolph Eberhard Hillebrand entstand zwischen 1887 und 1891 ein Neubau, die heutige Gartenkirche St. Marien.<\/p>\n<p>Auf dem Gartenfriedhof wurden zahlreiche Pers\u00f6nlichkeiten begraben, die Rang und Namen in Stadt und Land hatten: Ch. Ludwig von Arnswaldt, F. Wilhelm Ch. von Dachenhausen, Ernst Ebeling, Georg Friedrich Grotefend, Ernst A. Heiliger, Caroline Herschel, George Ch. von Hin\u00fcber, Charlotte Kestner (geb. Buff), Christian L. A. Patje, Ernst August Rumann, Heinrich Philipp Sextro, Heinrich Tramm und andere mehr, insbesondere aus den sogenannten \u201ch\u00fcbschen Familien\u201d, die im 18.\/19. Jahrhundert in Kurhannover bzw. im K\u00f6nigreich Hannover die b\u00fcrgerliche Oberschicht bildeten.<\/p>\n<p>Der Gartenfriedhof ist heute ein Kulturdenkmal, das nicht nur aufgrund der dort bestatteten Pers\u00f6nlichkeiten besondere Beachtung verdient. Die Grabmale mit klassizistischen und romantischen Stilelementen sind auch von besonderer kulturhistorischer Bedeutung. Zahlreiche Inschriften beschreiben eindrucksvoll die Einstellung zu Glaubensfragen w\u00e4hrend der damaligen Epoche, insbesondere die Hoffnung auf Auferstehung und ein ewiges Leben.<\/p>\n<p>Der Gartenfriedhof geh\u00f6rt zu dem Projekt \u201cWo sie ruhen \u2013 Ber\u00fchmte Grabst\u00e4tten auf historischen Friedh\u00f6fen in Deutschland\u201d, bei dem f\u00fcr 37 national bedeutsame historische Friedh\u00f6fe eine WebApp mit audio-visuellen Informationen entwickelt wurde.<\/p>\n<p>Der folgende Link \u00f6ffnet eine Tabelle mit 364 Grabmalen des Gartenfriedhofs, die von den urspr\u00fcnglich vorhandenen 5.000 Grabstellen noch Personen zugeordnet werden k\u00f6nnen. Sie liefert Geburts- und Sterbedaten sowie Grabmalinschriften, Bildmaterial und einen Lageplan: <a href=\"http:\/\/gartenfriedhof.de\/Gartenfriedhof\/Grabmalliste_mit_Richter.pdf\">Grabmale auf dem Gartenfriedhof Hannover<\/a><\/p>\n\n\n<p><\/p>\n","protected":false},"excerpt":{"rendered":"<p>Nachdem 1636 Georg von Calenberg Hannover zur Residenz erhoben worden hatte, erlebte die Stadt in den Folgejahren eine jahrzehntelange Bl\u00fctezeit, die viele Menschen anlockte, da sich gute Arbeits- und Verdienstm\u00f6glichkeiten anboten. Schon bald erwies sich die Stadt jedoch als zu &hellip; <a href=\"https:\/\/gartenfriedhof.de\/wordpress\/\">Weiterlesen <span class=\"meta-nav\">&rarr;<\/span><\/a><\/p>\n","protected":false},"author":1,"featured_media":0,"parent":0,"menu_order":0,"comment_status":"closed","ping_status":"closed","template":"","meta":{"footnotes":"","_links_to":"","_links_to_target":""},"class_list":["post-626","page","type-page","status-publish","hentry"],"yoast_head":"<!-- This site is optimized with the Yoast SEO plugin v27.2 - https:\/\/yoast.com\/product\/yoast-seo-wordpress\/ -->\n<title>Gartenfriedhof - Gartenfriedhof Hannover<\/title>\n<meta name=\"description\" content=\"Gartenfriedhof Hannover, ber\u00fchmte Grabmale, Grabsteine, historische Friedh\u00f6fe, wo sie ruhen, Friedhofskultur, Erinnerungskultur, bedeutende Grabstellen\" \/>\n<meta name=\"robots\" content=\"index, follow, max-snippet:-1, max-image-preview:large, max-video-preview:-1\" \/>\n<link rel=\"canonical\" href=\"https:\/\/gartenfriedhof.de\/wordpress\/\" \/>\n<meta property=\"og:locale\" content=\"de_DE\" \/>\n<meta property=\"og:type\" content=\"article\" \/>\n<meta property=\"og:title\" content=\"Gartenfriedhof - Gartenfriedhof Hannover\" \/>\n<meta property=\"og:description\" content=\"Gartenfriedhof Hannover, ber\u00fchmte Grabmale, Grabsteine, historische Friedh\u00f6fe, wo sie ruhen, Friedhofskultur, Erinnerungskultur, bedeutende Grabstellen\" \/>\n<meta property=\"og:url\" content=\"https:\/\/gartenfriedhof.de\/wordpress\/\" \/>\n<meta property=\"og:site_name\" content=\"Gartenfriedhof Hannover\" \/>\n<meta property=\"article:modified_time\" content=\"2021-04-08T19:53:20+00:00\" \/>\n<meta name=\"twitter:card\" content=\"summary_large_image\" \/>\n<meta name=\"twitter:label1\" content=\"Gesch\u00e4tzte Lesezeit\" \/>\n\t<meta name=\"twitter:data1\" content=\"3\u00a0Minuten\" \/>\n<script type=\"application\/ld+json\" class=\"yoast-schema-graph\">{\"@context\":\"https:\/\/schema.org\",\"@graph\":[{\"@type\":\"WebPage\",\"@id\":\"https:\/\/gartenfriedhof.de\/wordpress\/\",\"url\":\"https:\/\/gartenfriedhof.de\/wordpress\/\",\"name\":\"Gartenfriedhof - Gartenfriedhof Hannover\",\"isPartOf\":{\"@id\":\"https:\/\/gartenfriedhof.de\/wordpress\/#website\"},\"datePublished\":\"2016-05-03T18:32:39+00:00\",\"dateModified\":\"2021-04-08T19:53:20+00:00\",\"description\":\"Gartenfriedhof Hannover, ber\u00fchmte Grabmale, Grabsteine, historische Friedh\u00f6fe, wo sie ruhen, Friedhofskultur, Erinnerungskultur, bedeutende Grabstellen\",\"breadcrumb\":{\"@id\":\"https:\/\/gartenfriedhof.de\/wordpress\/#breadcrumb\"},\"inLanguage\":\"de\",\"potentialAction\":[{\"@type\":\"ReadAction\",\"target\":[\"https:\/\/gartenfriedhof.de\/wordpress\/\"]}]},{\"@type\":\"BreadcrumbList\",\"@id\":\"https:\/\/gartenfriedhof.de\/wordpress\/#breadcrumb\",\"itemListElement\":[{\"@type\":\"ListItem\",\"position\":1,\"name\":\"Startseite\",\"item\":\"https:\/\/gartenfriedhof.de\/wordpress\/\"},{\"@type\":\"ListItem\",\"position\":2,\"name\":\"Gartenfriedhof\"}]},{\"@type\":\"WebSite\",\"@id\":\"https:\/\/gartenfriedhof.de\/wordpress\/#website\",\"url\":\"https:\/\/gartenfriedhof.de\/wordpress\/\",\"name\":\"Gartenfriedhof Hannover\",\"description\":\"\",\"potentialAction\":[{\"@type\":\"SearchAction\",\"target\":{\"@type\":\"EntryPoint\",\"urlTemplate\":\"https:\/\/gartenfriedhof.de\/wordpress\/?s={search_term_string}\"},\"query-input\":{\"@type\":\"PropertyValueSpecification\",\"valueRequired\":true,\"valueName\":\"search_term_string\"}}],\"inLanguage\":\"de\"}]}<\/script>\n<!-- \/ Yoast SEO plugin. -->","yoast_head_json":{"title":"Gartenfriedhof - Gartenfriedhof Hannover","description":"Gartenfriedhof Hannover, ber\u00fchmte Grabmale, Grabsteine, historische Friedh\u00f6fe, wo sie ruhen, Friedhofskultur, Erinnerungskultur, bedeutende Grabstellen","robots":{"index":"index","follow":"follow","max-snippet":"max-snippet:-1","max-image-preview":"max-image-preview:large","max-video-preview":"max-video-preview:-1"},"canonical":"https:\/\/gartenfriedhof.de\/wordpress\/","og_locale":"de_DE","og_type":"article","og_title":"Gartenfriedhof - Gartenfriedhof Hannover","og_description":"Gartenfriedhof Hannover, ber\u00fchmte Grabmale, Grabsteine, historische Friedh\u00f6fe, wo sie ruhen, Friedhofskultur, Erinnerungskultur, bedeutende Grabstellen","og_url":"https:\/\/gartenfriedhof.de\/wordpress\/","og_site_name":"Gartenfriedhof Hannover","article_modified_time":"2021-04-08T19:53:20+00:00","twitter_card":"summary_large_image","twitter_misc":{"Gesch\u00e4tzte Lesezeit":"3\u00a0Minuten"},"schema":{"@context":"https:\/\/schema.org","@graph":[{"@type":"WebPage","@id":"https:\/\/gartenfriedhof.de\/wordpress\/","url":"https:\/\/gartenfriedhof.de\/wordpress\/","name":"Gartenfriedhof - Gartenfriedhof Hannover","isPartOf":{"@id":"https:\/\/gartenfriedhof.de\/wordpress\/#website"},"datePublished":"2016-05-03T18:32:39+00:00","dateModified":"2021-04-08T19:53:20+00:00","description":"Gartenfriedhof Hannover, ber\u00fchmte Grabmale, Grabsteine, historische Friedh\u00f6fe, wo sie ruhen, Friedhofskultur, Erinnerungskultur, bedeutende Grabstellen","breadcrumb":{"@id":"https:\/\/gartenfriedhof.de\/wordpress\/#breadcrumb"},"inLanguage":"de","potentialAction":[{"@type":"ReadAction","target":["https:\/\/gartenfriedhof.de\/wordpress\/"]}]},{"@type":"BreadcrumbList","@id":"https:\/\/gartenfriedhof.de\/wordpress\/#breadcrumb","itemListElement":[{"@type":"ListItem","position":1,"name":"Startseite","item":"https:\/\/gartenfriedhof.de\/wordpress\/"},{"@type":"ListItem","position":2,"name":"Gartenfriedhof"}]},{"@type":"WebSite","@id":"https:\/\/gartenfriedhof.de\/wordpress\/#website","url":"https:\/\/gartenfriedhof.de\/wordpress\/","name":"Gartenfriedhof Hannover","description":"","potentialAction":[{"@type":"SearchAction","target":{"@type":"EntryPoint","urlTemplate":"https:\/\/gartenfriedhof.de\/wordpress\/?s={search_term_string}"},"query-input":{"@type":"PropertyValueSpecification","valueRequired":true,"valueName":"search_term_string"}}],"inLanguage":"de"}]}},"_links":{"self":[{"href":"https:\/\/gartenfriedhof.de\/wordpress\/wp-json\/wp\/v2\/pages\/626","targetHints":{"allow":["GET"]}}],"collection":[{"href":"https:\/\/gartenfriedhof.de\/wordpress\/wp-json\/wp\/v2\/pages"}],"about":[{"href":"https:\/\/gartenfriedhof.de\/wordpress\/wp-json\/wp\/v2\/types\/page"}],"author":[{"embeddable":true,"href":"https:\/\/gartenfriedhof.de\/wordpress\/wp-json\/wp\/v2\/users\/1"}],"replies":[{"embeddable":true,"href":"https:\/\/gartenfriedhof.de\/wordpress\/wp-json\/wp\/v2\/comments?post=626"}],"version-history":[{"count":26,"href":"https:\/\/gartenfriedhof.de\/wordpress\/wp-json\/wp\/v2\/pages\/626\/revisions"}],"predecessor-version":[{"id":1207,"href":"https:\/\/gartenfriedhof.de\/wordpress\/wp-json\/wp\/v2\/pages\/626\/revisions\/1207"}],"wp:attachment":[{"href":"https:\/\/gartenfriedhof.de\/wordpress\/wp-json\/wp\/v2\/media?parent=626"}],"curies":[{"name":"wp","href":"https:\/\/api.w.org\/{rel}","templated":true}]}}